{"id":1696,"date":"2020-01-17T03:53:33","date_gmt":"2020-01-17T03:53:33","guid":{"rendered":"http:\/\/wpdemo.archiwp.com\/engitech\/?page_id=1696"},"modified":"2023-04-26T17:10:49","modified_gmt":"2023-04-26T17:10:49","slug":"blog-2","status":"publish","type":"page","link":"https:\/\/geointegra.com.br\/index.php\/blog-2\/","title":{"rendered":"Blog"},"content":{"rendered":"\t\t<div data-elementor-type=\"wp-page\" data-elementor-id=\"1696\" class=\"elementor elementor-1696\">\n\t\t\t\t\t\t\t\t\t<section class=\"elementor-section elementor-top-section elementor-element elementor-element-50eca5a elementor-section-boxed elementor-section-height-default elementor-section-height-default\" data-id=\"50eca5a\" data-element_type=\"section\">\n\t\t\t\t\t\t<div class=\"elementor-container elementor-column-gap-default\">\n\t\t\t\t\t<div class=\"elementor-column elementor-col-100 elementor-top-column elementor-element elementor-element-a18e915 ot-flex-column-vertical\" data-id=\"a18e915\" data-element_type=\"column\">\n\t\t\t<div class=\"elementor-widget-wrap elementor-element-populated\">\n\t\t\t\t\t\t\t\t<div class=\"elementor-element elementor-element-e701d62 elementor-widget elementor-widget-heading\" data-id=\"e701d62\" data-element_type=\"widget\" data-widget_type=\"heading.default\">\n\t\t\t\t<div class=\"elementor-widget-container\">\n\t\t\t<style>\/*! elementor - v3.13.3 - 22-05-2023 *\/\n.elementor-heading-title{padding:0;margin:0;line-height:1}.elementor-widget-heading .elementor-heading-title[class*=elementor-size-]>a{color:inherit;font-size:inherit;line-height:inherit}.elementor-widget-heading .elementor-heading-title.elementor-size-small{font-size:15px}.elementor-widget-heading .elementor-heading-title.elementor-size-medium{font-size:19px}.elementor-widget-heading .elementor-heading-title.elementor-size-large{font-size:29px}.elementor-widget-heading .elementor-heading-title.elementor-size-xl{font-size:39px}.elementor-widget-heading .elementor-heading-title.elementor-size-xxl{font-size:59px}<\/style><h2 class=\"elementor-heading-title elementor-size-default\">Nossos Artigos<\/h2>\t\t<\/div>\n\t\t\t\t<\/div>\n\t\t\t\t\t<\/div>\n\t\t<\/div>\n\t\t\t\t\t\t\t<\/div>\n\t\t<\/section>\n\t\t<div class=\"elementor-element elementor-element-79236bd e-con-boxed e-flex e-con\" data-id=\"79236bd\" data-element_type=\"container\" data-settings=\"{&quot;content_width&quot;:&quot;boxed&quot;}\">\n\t\t\t\t\t<div class=\"e-con-inner\">\n\t\t\t\t<div class=\"elementor-element elementor-element-3ea9db4 elementor-grid-3 elementor-grid-tablet-2 elementor-grid-mobile-1 elementor-posts--thumbnail-top elementor-widget elementor-widget-posts\" data-id=\"3ea9db4\" data-element_type=\"widget\" data-settings=\"{&quot;classic_columns&quot;:&quot;3&quot;,&quot;classic_columns_tablet&quot;:&quot;2&quot;,&quot;classic_columns_mobile&quot;:&quot;1&quot;,&quot;classic_row_gap&quot;:{&quot;unit&quot;:&quot;px&quot;,&quot;size&quot;:35,&quot;sizes&quot;:[]},&quot;classic_row_gap_tablet&quot;:{&quot;unit&quot;:&quot;px&quot;,&quot;size&quot;:&quot;&quot;,&quot;sizes&quot;:[]},&quot;classic_row_gap_mobile&quot;:{&quot;unit&quot;:&quot;px&quot;,&quot;size&quot;:&quot;&quot;,&quot;sizes&quot;:[]}}\" data-widget_type=\"posts.classic\">\n\t\t\t\t<div class=\"elementor-widget-container\">\n\t\t\t<link rel=\"stylesheet\" href=\"https:\/\/geointegra.com.br\/wp-content\/plugins\/elementor-pro\/assets\/css\/widget-posts.min.css\">\t\t<div class=\"elementor-posts-container elementor-posts elementor-posts--skin-classic elementor-grid\">\n\t\t\t\t<article class=\"elementor-post elementor-grid-item post-5953 post type-post status-publish format-standard has-post-thumbnail hentry category-uncategorized\">\n\t\t\t\t<a class=\"elementor-post__thumbnail__link\" href=\"https:\/\/geointegra.com.br\/index.php\/2023\/04\/26\/5953\/\" >\n\t\t\t<div class=\"elementor-post__thumbnail\"><img loading=\"lazy\" decoding=\"async\" width=\"298\" height=\"300\" src=\"https:\/\/geointegra.com.br\/wp-content\/uploads\/2023\/04\/Captura-de-tela-2023-04-26-133518-298x300.png\" class=\"attachment-medium size-medium wp-image-5954\" alt=\"\" srcset=\"https:\/\/geointegra.com.br\/wp-content\/uploads\/2023\/04\/Captura-de-tela-2023-04-26-133518-298x300.png 298w, https:\/\/geointegra.com.br\/wp-content\/uploads\/2023\/04\/Captura-de-tela-2023-04-26-133518-150x150.png 150w, https:\/\/geointegra.com.br\/wp-content\/uploads\/2023\/04\/Captura-de-tela-2023-04-26-133518-768x773.png 768w, https:\/\/geointegra.com.br\/wp-content\/uploads\/2023\/04\/Captura-de-tela-2023-04-26-133518-720x725.png 720w, https:\/\/geointegra.com.br\/wp-content\/uploads\/2023\/04\/Captura-de-tela-2023-04-26-133518.png 904w\" sizes=\"auto, (max-width: 298px) 100vw, 298px\" \/><\/div>\n\t\t<\/a>\n\t\t\t\t<div class=\"elementor-post__text\">\n\t\t\t\t<h3 class=\"elementor-post__title\">\n\t\t\t<a href=\"https:\/\/geointegra.com.br\/index.php\/2023\/04\/26\/5953\/\" >\n\t\t\t\tHorta da Geo\t\t\t<\/a>\n\t\t<\/h3>\n\t\t\t\t<div class=\"elementor-post__meta-data\">\n\t\t\t\t\t<span class=\"elementor-post-date\">\n\t\t\t26\/04\/2023\t\t<\/span>\n\t\t\t\t<span class=\"elementor-post-avatar\">\n\t\t\tNenhum coment\u00e1rio\t\t<\/span>\n\t\t\t\t<\/div>\n\t\t\t\t<div class=\"elementor-post__excerpt\">\n\t\t\t<p>Uma das iniciativas da Geo para 2023 foi realizar uma horta no nosso jardim! Com a ajuda de nossos colaboradores, plantamos, colhemos e comemos nossa<\/p>\n\t\t<\/div>\n\t\t\n\t\t<a class=\"elementor-post__read-more\" href=\"https:\/\/geointegra.com.br\/index.php\/2023\/04\/26\/5953\/\" aria-label=\"Read more about Horta da Geo\" >\n\t\t\tRead More \u00bb\t\t<\/a>\n\n\t\t\t\t<\/div>\n\t\t\t\t<\/article>\n\t\t\t\t<article class=\"elementor-post elementor-grid-item post-1263 post type-post status-publish format-standard has-post-thumbnail hentry category-design category-development tag-business tag-marketing tag-seo\">\n\t\t\t\t<a class=\"elementor-post__thumbnail__link\" href=\"https:\/\/geointegra.com.br\/index.php\/2019\/11\/21\/plan-your-project-with-your-software\/\" >\n\t\t\t<div class=\"elementor-post__thumbnail\"><img loading=\"lazy\" decoding=\"async\" width=\"300\" height=\"200\" src=\"https:\/\/geointegra.com.br\/wp-content\/uploads\/2019\/11\/Fotos-Rafting-p-300x200.jpg\" class=\"attachment-medium size-medium wp-image-6023\" alt=\"\" srcset=\"https:\/\/geointegra.com.br\/wp-content\/uploads\/2019\/11\/Fotos-Rafting-p-300x200.jpg 300w, https:\/\/geointegra.com.br\/wp-content\/uploads\/2019\/11\/Fotos-Rafting-p-1024x683.jpg 1024w, https:\/\/geointegra.com.br\/wp-content\/uploads\/2019\/11\/Fotos-Rafting-p-768x512.jpg 768w, https:\/\/geointegra.com.br\/wp-content\/uploads\/2019\/11\/Fotos-Rafting-p-1536x1024.jpg 1536w, https:\/\/geointegra.com.br\/wp-content\/uploads\/2019\/11\/Fotos-Rafting-p-2048x1365.jpg 2048w, https:\/\/geointegra.com.br\/wp-content\/uploads\/2019\/11\/Fotos-Rafting-p-720x480.jpg 720w\" sizes=\"auto, (max-width: 300px) 100vw, 300px\" \/><\/div>\n\t\t<\/a>\n\t\t\t\t<div class=\"elementor-post__text\">\n\t\t\t\t<h3 class=\"elementor-post__title\">\n\t\t\t<a href=\"https:\/\/geointegra.com.br\/index.php\/2019\/11\/21\/plan-your-project-with-your-software\/\" >\n\t\t\t\tSexta-feira de aventura na Geointegra!\t\t\t<\/a>\n\t\t<\/h3>\n\t\t\t\t<div class=\"elementor-post__meta-data\">\n\t\t\t\t\t<span class=\"elementor-post-date\">\n\t\t\t21\/11\/2019\t\t<\/span>\n\t\t\t\t<span class=\"elementor-post-avatar\">\n\t\t\tNenhum coment\u00e1rio\t\t<\/span>\n\t\t\t\t<\/div>\n\t\t\t\t<div class=\"elementor-post__excerpt\">\n\t\t\t<p>Na ultima sexta-feira (30\/09), a Geointegra realizou um dia diferente com o time de colaboradores! O evento que j\u00e1 entrou para tradi\u00e7\u00e3o da empresa \u00e9 realizado h\u00e1 mais de sete anos, e tem como objetivo a intera\u00e7\u00e3o das equipes atrav\u00e9s de um dia especial, com muita divers\u00e3o e bons momentos.<\/p>\n\t\t<\/div>\n\t\t\n\t\t<a class=\"elementor-post__read-more\" href=\"https:\/\/geointegra.com.br\/index.php\/2019\/11\/21\/plan-your-project-with-your-software\/\" aria-label=\"Read more about Sexta-feira de aventura na Geointegra!\" >\n\t\t\tRead More \u00bb\t\t<\/a>\n\n\t\t\t\t<\/div>\n\t\t\t\t<\/article>\n\t\t\t\t<article class=\"elementor-post elementor-grid-item post-1259 post type-post status-publish format-standard has-post-thumbnail hentry category-design category-development tag-smm tag-solution\">\n\t\t\t\t<a class=\"elementor-post__thumbnail__link\" href=\"https:\/\/geointegra.com.br\/index.php\/2019\/11\/21\/you-have-a-great-business-idea-2\/\" >\n\t\t\t<div class=\"elementor-post__thumbnail\"><img loading=\"lazy\" decoding=\"async\" width=\"300\" height=\"225\" src=\"https:\/\/geointegra.com.br\/wp-content\/uploads\/2019\/11\/Foto-tanque-p-300x225.jpg\" class=\"attachment-medium size-medium wp-image-6027\" alt=\"\" srcset=\"https:\/\/geointegra.com.br\/wp-content\/uploads\/2019\/11\/Foto-tanque-p-300x225.jpg 300w, https:\/\/geointegra.com.br\/wp-content\/uploads\/2019\/11\/Foto-tanque-p-1024x768.jpg 1024w, https:\/\/geointegra.com.br\/wp-content\/uploads\/2019\/11\/Foto-tanque-p-768x576.jpg 768w, https:\/\/geointegra.com.br\/wp-content\/uploads\/2019\/11\/Foto-tanque-p-1536x1152.jpg 1536w, https:\/\/geointegra.com.br\/wp-content\/uploads\/2019\/11\/Foto-tanque-p-2048x1536.jpg 2048w, https:\/\/geointegra.com.br\/wp-content\/uploads\/2019\/11\/Foto-tanque-p-720x540.jpg 720w\" sizes=\"auto, (max-width: 300px) 100vw, 300px\" \/><\/div>\n\t\t<\/a>\n\t\t\t\t<div class=\"elementor-post__text\">\n\t\t\t\t<h3 class=\"elementor-post__title\">\n\t\t\t<a href=\"https:\/\/geointegra.com.br\/index.php\/2019\/11\/21\/you-have-a-great-business-idea-2\/\" >\n\t\t\t\tRemo\u00e7\u00e3o das Fontes de Contamina\u00e7\u00e3o\t\t\t<\/a>\n\t\t<\/h3>\n\t\t\t\t<div class=\"elementor-post__meta-data\">\n\t\t\t\t\t<span class=\"elementor-post-date\">\n\t\t\t21\/11\/2019\t\t<\/span>\n\t\t\t\t<span class=\"elementor-post-avatar\">\n\t\t\tNenhum coment\u00e1rio\t\t<\/span>\n\t\t\t\t<\/div>\n\t\t\t\t<div class=\"elementor-post__excerpt\">\n\t\t\t<p>A Geointegra realizou os servi\u00e7os de acompanhamento ambiental com remo\u00e7\u00e3o das fontes prim\u00e1ria e secund\u00e1ria de contamina\u00e7\u00e3o e destina\u00e7\u00e3o do tanque subterr\u00e2neo.<\/p>\n\t\t<\/div>\n\t\t\n\t\t<a class=\"elementor-post__read-more\" href=\"https:\/\/geointegra.com.br\/index.php\/2019\/11\/21\/you-have-a-great-business-idea-2\/\" aria-label=\"Read more about Remo\u00e7\u00e3o das Fontes de Contamina\u00e7\u00e3o\" >\n\t\t\tRead More \u00bb\t\t<\/a>\n\n\t\t\t\t<\/div>\n\t\t\t\t<\/article>\n\t\t\t\t<\/div>\n\t\t\n\t\t\t\t<\/div>\n\t\t\t\t<\/div>\n\t\t\t\t\t<\/div>\n\t\t\t\t<\/div>\n\t\t\t\t\t\t\t<\/div>\n\t\t","protected":false},"excerpt":{"rendered":"<p>Nossos Artigos<\/p>\n","protected":false},"author":1,"featured_media":0,"parent":0,"menu_order":0,"comment_status":"closed","ping_status":"closed","template":"","meta":{"_themeisle_gutenberg_block_has_review":false,"footnotes":""},"class_list":["post-1696","page","type-page","status-publish","hentry"],"_links":{"self":[{"href":"https:\/\/geointegra.com.br\/index.php\/wp-json\/wp\/v2\/pages\/1696","targetHints":{"allow":["GET"]}}],"collection":[{"href":"https:\/\/geointegra.com.br\/index.php\/wp-json\/wp\/v2\/pages"}],"about":[{"href":"https:\/\/geointegra.com.br\/index.php\/wp-json\/wp\/v2\/types\/page"}],"author":[{"embeddable":true,"href":"https:\/\/geointegra.com.br\/index.php\/wp-json\/wp\/v2\/users\/1"}],"replies":[{"embeddable":true,"href":"https:\/\/geointegra.com.br\/index.php\/wp-json\/wp\/v2\/comments?post=1696"}],"version-history":[{"count":5,"href":"https:\/\/geointegra.com.br\/index.php\/wp-json\/wp\/v2\/pages\/1696\/revisions"}],"predecessor-version":[{"id":5962,"href":"https:\/\/geointegra.com.br\/index.php\/wp-json\/wp\/v2\/pages\/1696\/revisions\/5962"}],"wp:attachment":[{"href":"https:\/\/geointegra.com.br\/index.php\/wp-json\/wp\/v2\/media?parent=1696"}],"curies":[{"name":"wp","href":"https:\/\/api.w.org\/{rel}","templated":true}]}}