{"id":2076,"date":"2020-02-25T08:41:33","date_gmt":"2020-02-25T08:41:33","guid":{"rendered":"http:\/\/wpdemo.archiwp.com\/engitech\/?page_id=2076"},"modified":"2023-05-29T14:03:51","modified_gmt":"2023-05-29T14:03:51","slug":"servicos-2","status":"publish","type":"page","link":"https:\/\/geointegra.com.br\/index.php\/servicos-2\/","title":{"rendered":"Equipamentos"},"content":{"rendered":"\t\t<div data-elementor-type=\"wp-page\" data-elementor-id=\"2076\" class=\"elementor elementor-2076\">\n\t\t\t\t\t\t\t<div class=\"elementor-element elementor-element-00cd6d8 e-con-boxed e-flex e-con\" data-id=\"00cd6d8\" data-element_type=\"container\" data-settings=\"{&quot;background_background&quot;:&quot;classic&quot;,&quot;content_width&quot;:&quot;boxed&quot;}\">\n\t\t\t\t\t<div class=\"e-con-inner\">\n\t\t\t\t<div class=\"elementor-element elementor-element-b599183 elementor-widget elementor-widget-heading\" data-id=\"b599183\" data-element_type=\"widget\" data-widget_type=\"heading.default\">\n\t\t\t\t<div class=\"elementor-widget-container\">\n\t\t\t<style>\/*! elementor - v3.13.3 - 22-05-2023 *\/\n.elementor-heading-title{padding:0;margin:0;line-height:1}.elementor-widget-heading .elementor-heading-title[class*=elementor-size-]>a{color:inherit;font-size:inherit;line-height:inherit}.elementor-widget-heading .elementor-heading-title.elementor-size-small{font-size:15px}.elementor-widget-heading .elementor-heading-title.elementor-size-medium{font-size:19px}.elementor-widget-heading .elementor-heading-title.elementor-size-large{font-size:29px}.elementor-widget-heading .elementor-heading-title.elementor-size-xl{font-size:39px}.elementor-widget-heading .elementor-heading-title.elementor-size-xxl{font-size:59px}<\/style><h2 class=\"elementor-heading-title elementor-size-default\">Utilizamos Equipamentos de Alta Tecnologia <\/h2>\t\t<\/div>\n\t\t\t\t<\/div>\n\t\t\t\t\t<\/div>\n\t\t\t\t<\/div>\n\t\t<div class=\"elementor-element elementor-element-8d8d470 e-con-boxed e-flex e-con\" data-id=\"8d8d470\" data-element_type=\"container\" data-settings=\"{&quot;background_background&quot;:&quot;classic&quot;,&quot;content_width&quot;:&quot;boxed&quot;}\">\n\t\t\t\t\t<div class=\"e-con-inner\">\n\t\t<div class=\"elementor-element elementor-element-4aa53a5 e-con-full e-flex e-con\" data-id=\"4aa53a5\" data-element_type=\"container\" data-settings=\"{&quot;content_width&quot;:&quot;full&quot;}\">\n\t\t\t\t<div class=\"elementor-element elementor-element-5baa8b3 elementor-widget elementor-widget-image\" data-id=\"5baa8b3\" data-element_type=\"widget\" data-widget_type=\"image.default\">\n\t\t\t\t<div class=\"elementor-widget-container\">\n\t\t\t<style>\/*! elementor - v3.13.3 - 22-05-2023 *\/\n.elementor-widget-image{text-align:center}.elementor-widget-image a{display:inline-block}.elementor-widget-image a img[src$=\".svg\"]{width:48px}.elementor-widget-image img{vertical-align:middle;display:inline-block}<\/style>\t\t\t\t\t\t\t\t\t\t\t\t<img loading=\"lazy\" decoding=\"async\" width=\"373\" height=\"400\" src=\"https:\/\/geointegra.com.br\/wp-content\/uploads\/2023\/04\/equipamento-e1682683596727.jpeg\" class=\"attachment-large size-large wp-image-5983\" alt=\"\" srcset=\"https:\/\/geointegra.com.br\/wp-content\/uploads\/2023\/04\/equipamento-e1682683596727.jpeg 373w, https:\/\/geointegra.com.br\/wp-content\/uploads\/2023\/04\/equipamento-e1682683596727-280x300.jpeg 280w\" sizes=\"auto, (max-width: 373px) 100vw, 373px\" \/>\t\t\t\t\t\t\t\t\t\t\t\t\t\t\t<\/div>\n\t\t\t\t<\/div>\n\t\t\t\t<\/div>\n\t\t<div class=\"elementor-element elementor-element-9b9c511 e-con-full e-flex e-con\" data-id=\"9b9c511\" data-element_type=\"container\" data-settings=\"{&quot;content_width&quot;:&quot;full&quot;}\">\n\t\t\t\t<div class=\"elementor-element elementor-element-69b7495 elementor-widget elementor-widget-iheading\" data-id=\"69b7495\" data-element_type=\"widget\" data-widget_type=\"iheading.default\">\n\t\t\t\t<div class=\"elementor-widget-container\">\n\t\t\t\t\t<div class=\"ot-heading\">\r\n\t        \t            <span>Medi\u00e7\u00e3o por XRF - X Ray Fluorescence<\/span>\r\n\t        <h2 class=\"main-heading\">XRF Analyzer NitonTM XL2 <\/h2>\t    <\/div>\r\n\t    \t\t<\/div>\n\t\t\t\t<\/div>\n\t\t\t\t<div class=\"elementor-element elementor-element-2ef1c1b elementor-widget elementor-widget-text-editor\" data-id=\"2ef1c1b\" data-element_type=\"widget\" data-widget_type=\"text-editor.default\">\n\t\t\t\t<div class=\"elementor-widget-container\">\n\t\t\t<style>\/*! elementor - v3.13.3 - 22-05-2023 *\/\n.elementor-widget-text-editor.elementor-drop-cap-view-stacked .elementor-drop-cap{background-color:#69727d;color:#fff}.elementor-widget-text-editor.elementor-drop-cap-view-framed .elementor-drop-cap{color:#69727d;border:3px solid;background-color:transparent}.elementor-widget-text-editor:not(.elementor-drop-cap-view-default) .elementor-drop-cap{margin-top:8px}.elementor-widget-text-editor:not(.elementor-drop-cap-view-default) .elementor-drop-cap-letter{width:1em;height:1em}.elementor-widget-text-editor .elementor-drop-cap{float:left;text-align:center;line-height:1;font-size:50px}.elementor-widget-text-editor .elementor-drop-cap-letter{display:inline-block}<\/style>\t\t\t\t<p style=\"font-weight: 400;\"><span style=\"color: #000000;\">o\u00a0<strong>XRF Analyzer NitonTM XL2 <\/strong>,\u00a0\u00e9 um detector port\u00e1til de metais no solo, que se baseia no fen\u00f4meno da fluoresc\u00eancia atrav\u00e9s de raios X para a detec\u00e7\u00e3o dos compostos de interesse, sendo amplamente utilizado como tecnologia de screening de solo, por ser uma t\u00e9cnica de medi\u00e7\u00e3o r\u00e1pida (aproximadamente 1 minuto de an\u00e1lise) e n\u00e3o destrutiva.<\/span><\/p><p style=\"font-weight: 400;\"><span style=\"color: #000000;\">Atrav\u00e9s do XRF, a Geointegra consegue quantificar em tempo real as concentra\u00e7\u00f5es de metais no solo, auxiliando nas tomadas de decis\u00f5es e permitindo uma sele\u00e7\u00e3o mais eficiente de amostras para envio ao laborat\u00f3rio, direcionando melhor os servi\u00e7os de investiga\u00e7\u00e3o e cubagem de solo.<\/span><\/p>\t\t\t\t\t\t<\/div>\n\t\t\t\t<\/div>\n\t\t\t\t<\/div>\n\t\t\t\t\t<\/div>\n\t\t\t\t<\/div>\n\t\t<div class=\"elementor-element elementor-element-6f77105 e-con-boxed e-flex e-con\" data-id=\"6f77105\" data-element_type=\"container\" data-settings=\"{&quot;background_background&quot;:&quot;classic&quot;,&quot;content_width&quot;:&quot;boxed&quot;}\" data-e-bg-lazyload=\"\">\n\t\t\t\t\t<div class=\"e-con-inner\">\n\t\t<div class=\"elementor-element elementor-element-036c048 e-con-full e-flex e-con\" data-id=\"036c048\" data-element_type=\"container\" data-settings=\"{&quot;content_width&quot;:&quot;full&quot;}\">\n\t\t\t\t<div class=\"elementor-element elementor-element-04eb5ad elementor-widget elementor-widget-iheading\" data-id=\"04eb5ad\" data-element_type=\"widget\" data-widget_type=\"iheading.default\">\n\t\t\t\t<div class=\"elementor-widget-container\">\n\t\t\t\t\t<div class=\"ot-heading\">\r\n\t        \t            <span>Detec\u00e7\u00e3o de Compostos Org\u00e2nicos<\/span>\r\n\t        <h2 class=\"main-heading\">FROG-5000\u2122<\/h2>\t    <\/div>\r\n\t    \t\t<\/div>\n\t\t\t\t<\/div>\n\t\t\t\t<div class=\"elementor-element elementor-element-6b345ed elementor-widget elementor-widget-text-editor\" data-id=\"6b345ed\" data-element_type=\"widget\" data-widget_type=\"text-editor.default\">\n\t\t\t\t<div class=\"elementor-widget-container\">\n\t\t\t\t\t\t\t<p><span class=\"m_-2049691500030813059ui-provider\" style=\"color: #000000;\">O\u00a0<b>FROG-5000\u2122<\/b>\u00a0\u00e9 um cromat\u00f3grafo gasoso port\u00e1til, capaz de detectar compostos org\u00e2nicos vol\u00e1teis (COVs) no ar, \u00e1gua e solo, fornecendo resultados de screening do solo em menos de 10 minutos no campo, sem a necessidade de esperar o envio e a an\u00e1lise no laborat\u00f3rio. \u00c9 o \u00fanico cromat\u00f3grafo de g\u00e1s port\u00e1til que pesa menos de 5lbs (2,2kgs).<\/span><br \/><span class=\"m_-2049691500030813059ui-provider\" style=\"color: #000000;\">O GC port\u00e1til FROG-5000\u2122 identifica e quantifica produtos qu\u00edmicos vol\u00e1teis como os organoclorados e os BTEX, como tamb\u00e9m compostos org\u00e2nicos semivol\u00e1teis, como o naftaleno. \u00c9 um equipamento altamente sens\u00edvel, podendo detectar concentra\u00e7\u00f5es de poluentes de poucos ppb a ppm, dependendo da configura\u00e7\u00e3o aplicada.<\/span><br \/><span class=\"m_-2049691500030813059ui-provider\" style=\"color: #000000;\">O FROG-5000\u2122 permite uma compreens\u00e3o em tempo real da situa\u00e7\u00e3o do site, auxiliando nas tomadas de decis\u00f5es para o direcionamento de investiga\u00e7\u00f5es detalhadas e compreens\u00e3o da problem\u00e1tica ambiental local.<\/span><\/p>\t\t\t\t\t\t<\/div>\n\t\t\t\t<\/div>\n\t\t\t\t<\/div>\n\t\t<div class=\"elementor-element elementor-element-658e3c1 e-con-full e-flex e-con\" data-id=\"658e3c1\" data-element_type=\"container\" data-settings=\"{&quot;content_width&quot;:&quot;full&quot;}\">\n\t\t\t\t<div class=\"elementor-element elementor-element-6acb0cc elementor-widget elementor-widget-image\" data-id=\"6acb0cc\" data-element_type=\"widget\" data-widget_type=\"image.default\">\n\t\t\t\t<div class=\"elementor-widget-container\">\n\t\t\t\t\t\t\t\t\t\t\t\t\t\t\t<img loading=\"lazy\" decoding=\"async\" width=\"577\" height=\"588\" src=\"https:\/\/geointegra.com.br\/wp-content\/uploads\/2023\/04\/unnamed-1-e1682683287991.jpg\" class=\"attachment-large size-large wp-image-5980\" alt=\"\" srcset=\"https:\/\/geointegra.com.br\/wp-content\/uploads\/2023\/04\/unnamed-1-e1682683287991.jpg 577w, https:\/\/geointegra.com.br\/wp-content\/uploads\/2023\/04\/unnamed-1-e1682683287991-294x300.jpg 294w\" sizes=\"auto, (max-width: 577px) 100vw, 577px\" \/>\t\t\t\t\t\t\t\t\t\t\t\t\t\t\t<\/div>\n\t\t\t\t<\/div>\n\t\t\t\t<\/div>\n\t\t\t\t\t<\/div>\n\t\t\t\t<\/div>\n\t\t\t\t\t\t\t<\/div>\n\t\t","protected":false},"excerpt":{"rendered":"<p>Utilizamos Equipamentos de Alta Tecnologia Medi\u00e7\u00e3o por XRF &#8211; X Ray Fluorescence XRF Analyzer NitonTM XL2 o\u00a0XRF Analyzer NitonTM XL2 ,\u00a0\u00e9 um detector port\u00e1til de metais no solo, que se baseia no fen\u00f4meno da fluoresc\u00eancia atrav\u00e9s de raios X para a detec\u00e7\u00e3o dos compostos de interesse, sendo amplamente utilizado como tecnologia de screening de solo, [&hellip;]<\/p>\n","protected":false},"author":1,"featured_media":0,"parent":0,"menu_order":3,"comment_status":"closed","ping_status":"closed","template":"","meta":{"_themeisle_gutenberg_block_has_review":false,"footnotes":""},"class_list":["post-2076","page","type-page","status-publish","hentry"],"_links":{"self":[{"href":"https:\/\/geointegra.com.br\/index.php\/wp-json\/wp\/v2\/pages\/2076","targetHints":{"allow":["GET"]}}],"collection":[{"href":"https:\/\/geointegra.com.br\/index.php\/wp-json\/wp\/v2\/pages"}],"about":[{"href":"https:\/\/geointegra.com.br\/index.php\/wp-json\/wp\/v2\/types\/page"}],"author":[{"embeddable":true,"href":"https:\/\/geointegra.com.br\/index.php\/wp-json\/wp\/v2\/users\/1"}],"replies":[{"embeddable":true,"href":"https:\/\/geointegra.com.br\/index.php\/wp-json\/wp\/v2\/comments?post=2076"}],"version-history":[{"count":12,"href":"https:\/\/geointegra.com.br\/index.php\/wp-json\/wp\/v2\/pages\/2076\/revisions"}],"predecessor-version":[{"id":6132,"href":"https:\/\/geointegra.com.br\/index.php\/wp-json\/wp\/v2\/pages\/2076\/revisions\/6132"}],"wp:attachment":[{"href":"https:\/\/geointegra.com.br\/index.php\/wp-json\/wp\/v2\/media?parent=2076"}],"curies":[{"name":"wp","href":"https:\/\/api.w.org\/{rel}","templated":true}]}}